{"id":13,"date":"2016-11-01T23:40:18","date_gmt":"2016-11-01T23:40:18","guid":{"rendered":"http:\/\/www.erlandnylund.se\/?page_id=13"},"modified":"2022-08-25T08:03:58","modified_gmt":"2022-08-25T08:03:58","slug":"valkommen","status":"publish","type":"page","link":"https:\/\/www.erlandnylund.se\/","title":{"rendered":"Om sidan"},"content":{"rendered":"<p>V\u00e4lkommen till erlandnylund.se, den digitala boningen f\u00f6r mig, Jarl Erland Nylund. Jag anv\u00e4nder den h\u00e4r sidan f\u00f6r att visa upp saker jag \u00e4r stolt \u00f6ver, samla texter och publikationer och som ett slags digitalt CV!<\/p>\n<p>Sidan \u00e4r inte komplett, och uppdateras n\u00e4r jag k\u00e4nner f\u00f6r det.<\/p>\n","protected":false},"excerpt":{"rendered":"<p>V\u00e4lkommen till erlandnylund.se, den digitala boningen f\u00f6r mig, Jarl Erland Nylund. Jag anv\u00e4nder den h\u00e4r sidan f\u00f6r att visa upp saker jag [&hellip;]<\/p>\n","protected":false},"author":1,"featured_media":0,"parent":0,"menu_order":0,"comment_status":"closed","ping_status":"closed","template":"","meta":{"_monsterinsights_skip_tracking":false,"_monsterinsights_sitenote_active":false,"_monsterinsights_sitenote_note":"","_monsterinsights_sitenote_category":0},"_links":{"self":[{"href":"https:\/\/www.erlandnylund.se\/index.php?rest_route=\/wp\/v2\/pages\/13"}],"collection":[{"href":"https:\/\/www.erlandnylund.se\/index.php?rest_route=\/wp\/v2\/pages"}],"about":[{"href":"https:\/\/www.erlandnylund.se\/index.php?rest_route=\/wp\/v2\/types\/page"}],"author":[{"embeddable":true,"href":"https:\/\/www.erlandnylund.se\/index.php?rest_route=\/wp\/v2\/users\/1"}],"replies":[{"embeddable":true,"href":"https:\/\/www.erlandnylund.se\/index.php?rest_route=%2Fwp%2Fv2%2Fcomments&post=13"}],"version-history":[{"count":3,"href":"https:\/\/www.erlandnylund.se\/index.php?rest_route=\/wp\/v2\/pages\/13\/revisions"}],"predecessor-version":[{"id":90,"href":"https:\/\/www.erlandnylund.se\/index.php?rest_route=\/wp\/v2\/pages\/13\/revisions\/90"}],"wp:attachment":[{"href":"https:\/\/www.erlandnylund.se\/index.php?rest_route=%2Fwp%2Fv2%2Fmedia&parent=13"}],"curies":[{"name":"wp","href":"https:\/\/api.w.org\/{rel}","templated":true}]}}