{"id":33,"date":"2016-11-01T23:46:53","date_gmt":"2016-11-01T23:46:53","guid":{"rendered":"http:\/\/www.erlandnylund.se\/?page_id=33"},"modified":"2022-08-25T08:00:23","modified_gmt":"2022-08-25T08:00:23","slug":"professionellt","status":"publish","type":"page","link":"https:\/\/www.erlandnylund.se\/?page_id=33","title":{"rendered":"Professionellt"},"content":{"rendered":"<p><strong>Idag (2021-)<\/strong><\/p>\n<p>Som heltidsstudent tar jag tillf\u00e4lliga uppdrag och \u00e5taganden. Jag h\u00e5ller utbildningar eller processledningar relaterade till civilsamh\u00e4lle, f\u00f6reningsliv eller folkbildning, och tar enstaka kortare projektledningsuppdrag. Dessa uppdrag sker inom ramen f\u00f6r min egna firma.<\/p>\n<p><strong>2019-2020\u00a0<\/strong><\/p>\n<p>F\u00f6rbundssekreterare f\u00f6r Sverok &#8211; spelhobbyf\u00f6rbundet. Sverok \u00e4r ett av Sveriges st\u00f6rsta ungdomsf\u00f6rbund, och som heltidsarvoderad f\u00f6rbundssekreterare beredde jag beslutsunderlag till styrelsen, var del i f\u00f6rbundets nationella lednignsgrupp, deltog i en stor omorganisering och rekryteringen av f\u00f6rbundets f\u00f6rsta Generalsekreterare. I mitt arbete lade jag stor vikt vid att utveckla och lyfta fram olika s\u00e4tt att st\u00f6tta ideellas engagemang genom coachning och utbildning.<\/p>\n<p><strong>2016-2018<\/strong><\/p>\n<p>Verksamhetsutvecklare kultur Studiefr\u00e4mjandet Stockholms L\u00e4n (numera Studiefr\u00e4mjandet Stockholm-Gotland). I denna roll hj\u00e4lpte jag till att st\u00f6tta och utveckla ny och gammal folkbildning inom kulturomr\u00e5det, med fokus p\u00e5 spelkultur men nedslag i en l\u00e5ng rad kulturformer.<\/p>\n","protected":false},"excerpt":{"rendered":"<p>Idag (2021-) Som heltidsstudent tar jag tillf\u00e4lliga uppdrag och \u00e5taganden. Jag h\u00e5ller utbildningar eller processledningar relaterade till civilsamh\u00e4lle, f\u00f6reningsliv eller folkbildning, och [&hellip;]<\/p>\n","protected":false},"author":1,"featured_media":24,"parent":0,"menu_order":0,"comment_status":"closed","ping_status":"closed","template":"","meta":{"_monsterinsights_skip_tracking":false,"_monsterinsights_sitenote_active":false,"_monsterinsights_sitenote_note":"","_monsterinsights_sitenote_category":0},"_links":{"self":[{"href":"https:\/\/www.erlandnylund.se\/index.php?rest_route=\/wp\/v2\/pages\/33"}],"collection":[{"href":"https:\/\/www.erlandnylund.se\/index.php?rest_route=\/wp\/v2\/pages"}],"about":[{"href":"https:\/\/www.erlandnylund.se\/index.php?rest_route=\/wp\/v2\/types\/page"}],"author":[{"embeddable":true,"href":"https:\/\/www.erlandnylund.se\/index.php?rest_route=\/wp\/v2\/users\/1"}],"replies":[{"embeddable":true,"href":"https:\/\/www.erlandnylund.se\/index.php?rest_route=%2Fwp%2Fv2%2Fcomments&post=33"}],"version-history":[{"count":2,"href":"https:\/\/www.erlandnylund.se\/index.php?rest_route=\/wp\/v2\/pages\/33\/revisions"}],"predecessor-version":[{"id":87,"href":"https:\/\/www.erlandnylund.se\/index.php?rest_route=\/wp\/v2\/pages\/33\/revisions\/87"}],"wp:featuredmedia":[{"embeddable":true,"href":"https:\/\/www.erlandnylund.se\/index.php?rest_route=\/wp\/v2\/media\/24"}],"wp:attachment":[{"href":"https:\/\/www.erlandnylund.se\/index.php?rest_route=%2Fwp%2Fv2%2Fmedia&parent=33"}],"curies":[{"name":"wp","href":"https:\/\/api.w.org\/{rel}","templated":true}]}}